{"id":11,"date":"2022-10-27T12:06:21","date_gmt":"2022-10-27T12:06:21","guid":{"rendered":"https:\/\/alejandralombanagodoy.com\/?page_id=11"},"modified":"2022-10-30T19:17:05","modified_gmt":"2022-10-30T19:17:05","slug":"sobre-mi","status":"publish","type":"page","link":"https:\/\/alejandralombanagodoy.com\/?page_id=11","title":{"rendered":"Sobre m\u00ed"},"content":{"rendered":"\t\t<div data-elementor-type=\"wp-page\" data-elementor-id=\"11\" class=\"elementor elementor-11\">\n\t\t\t\t\t\t<section class=\"elementor-section elementor-top-section elementor-element elementor-element-1235fef1 elementor-section-boxed elementor-section-height-default elementor-section-height-default\" data-id=\"1235fef1\" data-element_type=\"section\" data-e-type=\"section\">\n\t\t\t\t\t\t<div class=\"elementor-container elementor-column-gap-default\">\n\t\t\t\t\t<div class=\"elementor-column elementor-col-100 elementor-top-column elementor-element elementor-element-52e11e0f\" data-id=\"52e11e0f\" data-element_type=\"column\" data-e-type=\"column\">\n\t\t\t<div class=\"elementor-widget-wrap elementor-element-populated\">\n\t\t\t\t\t\t<div class=\"elementor-element elementor-element-12671540 elementor-widget elementor-widget-text-editor\" data-id=\"12671540\" data-element_type=\"widget\" data-e-type=\"widget\" data-widget_type=\"text-editor.default\">\n\t\t\t\t<div class=\"elementor-widget-container\">\n\t\t\t\t\t\t\t\t\t<p>Mi pasi\u00f3n por el Marketing me ha llevado a cursar el grado de Marketing e Investigaci\u00f3n de Mercados<\/p>\n<p>por la <a href=\"https:\/\/www.uma.es\">Universidad de M\u00e1laga<\/a> y el M\u00e1ster en Marketing Digital por la <a href=\"https:\/\/www.ucm.es\">Universidad Complutense de<\/a><\/p>\n<p>Madrid.<\/p>\n<p>Adem\u00e1s, he realizado cursos como &#8216;Mercados Financieros por la Universidad de Yale,&nbsp;<span style=\"color: var( --e-global-color-text ); font-family: var( --e-global-typography-text-font-family ), Sans-serif; font-size: 1rem;\">\u00abNeuromarketing&#8217; por Edutin Academy, &#8216;Marketing Digital y Tecnolog\u00edas para el Marketing&#8217; por la&nbsp;<\/span><span style=\"color: var( --e-global-color-text ); font-family: var( --e-global-typography-text-font-family ), Sans-serif; font-size: 1rem;\">Universidad Internacional de Andaluc\u00eda.<\/span><\/p>\n<p>En referencia a mis habilidades comunicativas, hablo cuatro idiomas: ingl\u00e9s, franc\u00e9s, alem\u00e1n y&nbsp;<span style=\"color: var( --e-global-color-text ); font-family: var( --e-global-typography-text-font-family ), Sans-serif; font-size: 1rem;\">espa\u00f1ol.<\/span><\/p>\n<p>Para definirme utilizo tres aspectos: responsabilidad, empat\u00eda, amante del trabajo en equipo y la&nbsp;<span style=\"color: var( --e-global-color-text ); font-family: var( --e-global-typography-text-font-family ), Sans-serif; font-size: 1rem;\">escucha activa.<\/span><\/p>\n<p>Entrando en un \u00e1mbito m\u00e1s personal, he vivido en dos continentes: Am\u00e9rica y Europa, lo cual me ha&nbsp;<span style=\"color: var( --e-global-color-text ); font-family: var( --e-global-typography-text-font-family ), Sans-serif; font-size: 1rem;\">ayudado a entender diferentes formas de trabajo, que considero esenciales para experiencias&nbsp;<\/span><span style=\"color: var( --e-global-color-text ); font-family: var( --e-global-typography-text-font-family ), Sans-serif; font-size: 1rem;\">presentes y futuras.<\/span><\/p>\n<p>\u00bfMi palabra favorita? Constancia.<\/p>\t\t\t\t\t\t\t\t<\/div>\n\t\t\t\t<\/div>\n\t\t\t\t\t<\/div>\n\t\t<\/div>\n\t\t\t\t\t<\/div>\n\t\t<\/section>\n\t\t\t\t<section class=\"elementor-section elementor-top-section elementor-element elementor-element-bd027c6 elementor-section-boxed elementor-section-height-default elementor-section-height-default\" data-id=\"bd027c6\" data-element_type=\"section\" data-e-type=\"section\">\n\t\t\t\t\t\t<div class=\"elementor-container elementor-column-gap-default\">\n\t\t\t\t\t<div class=\"elementor-column elementor-col-100 elementor-top-column elementor-element elementor-element-880540d\" data-id=\"880540d\" data-element_type=\"column\" data-e-type=\"column\">\n\t\t\t<div class=\"elementor-widget-wrap elementor-element-populated\">\n\t\t\t\t\t\t<div class=\"elementor-element elementor-element-6d89912 elementor-widget elementor-widget-image\" data-id=\"6d89912\" data-element_type=\"widget\" data-e-type=\"widget\" data-widget_type=\"image.default\">\n\t\t\t\t<div class=\"elementor-widget-container\">\n\t\t\t\t\t\t\t\t\t\t\t\t\t\t\t<img fetchpriority=\"high\" decoding=\"async\" width=\"525\" height=\"561\" src=\"https:\/\/alejandralombanagodoy.com\/wp-content\/uploads\/2022\/10\/tempImagebF6Mck-959x1024.jpg\" class=\"attachment-large size-large wp-image-48\" alt=\"2\" srcset=\"https:\/\/alejandralombanagodoy.com\/wp-content\/uploads\/2022\/10\/tempImagebF6Mck-959x1024.jpg 959w, https:\/\/alejandralombanagodoy.com\/wp-content\/uploads\/2022\/10\/tempImagebF6Mck-281x300.jpg 281w, https:\/\/alejandralombanagodoy.com\/wp-content\/uploads\/2022\/10\/tempImagebF6Mck-768x820.jpg 768w, https:\/\/alejandralombanagodoy.com\/wp-content\/uploads\/2022\/10\/tempImagebF6Mck.jpg 1244w\" sizes=\"100vw\" \/>\t\t\t\t\t\t\t\t\t\t\t\t\t\t\t<\/div>\n\t\t\t\t<\/div>\n\t\t\t\t\t<\/div>\n\t\t<\/div>\n\t\t\t\t\t<\/div>\n\t\t<\/section>\n\t\t\t\t<\/div>\n\t\t","protected":false},"excerpt":{"rendered":"<p>Mi pasi\u00f3n por el Marketing me ha llevado a cursar el grado de Marketing e Investigaci\u00f3n de Mercados por la Universidad de M\u00e1laga y el M\u00e1ster en Marketing Digital por la Universidad Complutense de Madrid. Adem\u00e1s, he realizado cursos como &#8216;Mercados Financieros por la Universidad de Yale,&nbsp;\u00abNeuromarketing&#8217; por Edutin Academy, &#8216;Marketing Digital y Tecnolog\u00edas para &hellip; <\/p>\n<p class=\"link-more\"><a href=\"https:\/\/alejandralombanagodoy.com\/?page_id=11\" class=\"more-link\">Continuar leyendo<span class=\"screen-reader-text\"> \u00abSobre m\u00ed\u00bb<\/span><\/a><\/p>\n","protected":false},"author":1,"featured_media":0,"parent":0,"menu_order":0,"comment_status":"closed","ping_status":"closed","template":"","meta":{"footnotes":""},"class_list":["post-11","page","type-page","status-publish","hentry"],"yoast_head":"<!-- This site is optimized with the Yoast SEO plugin v19.9 - https:\/\/yoast.com\/wordpress\/plugins\/seo\/ -->\n<title>Sobre m\u00ed - ALEJANDRA LOMBANA GODOY<\/title>\n<meta name=\"description\" content=\"Mi pasi\u00f3n por el Marketing me ha llevado a cursar el grado de Marketing e Investigaci\u00f3n de Mercados por la Universidad de M\u00e1laga y el M\u00e1ster en Marketing Digital por la Universidad Complutense deMadrid.\" \/>\n<meta name=\"robots\" content=\"index, follow, max-snippet:-1, max-image-preview:large, max-video-preview:-1\" \/>\n<link rel=\"canonical\" href=\"https:\/\/alejandralombanagodoy.com\/?page_id=11\" \/>\n<meta property=\"og:locale\" content=\"es_ES\" \/>\n<meta property=\"og:type\" content=\"article\" \/>\n<meta property=\"og:title\" content=\"Sobre m\u00ed - ALEJANDRA LOMBANA GODOY\" \/>\n<meta property=\"og:description\" content=\"Mi pasi\u00f3n por el Marketing me ha llevado a cursar el grado de Marketing e Investigaci\u00f3n de Mercados por la Universidad de M\u00e1laga y el M\u00e1ster en Marketing Digital por la Universidad Complutense deMadrid.\" \/>\n<meta property=\"og:url\" content=\"https:\/\/alejandralombanagodoy.com\/?page_id=11\" \/>\n<meta property=\"og:site_name\" content=\"ALEJANDRA LOMBANA GODOY\" \/>\n<meta property=\"article:modified_time\" content=\"2022-10-30T19:17:05+00:00\" \/>\n<meta property=\"og:image\" content=\"https:\/\/alejandralombanagodoy.com\/wp-content\/uploads\/2022\/10\/tempImagebF6Mck-959x1024.jpg\" \/>\n<meta name=\"twitter:card\" content=\"summary_large_image\" \/>\n<meta name=\"twitter:label1\" content=\"Tiempo de lectura\" \/>\n\t<meta name=\"twitter:data1\" content=\"1 minuto\" \/>\n<script type=\"application\/ld+json\" class=\"yoast-schema-graph\">{\"@context\":\"https:\/\/schema.org\",\"@graph\":[{\"@type\":\"WebPage\",\"@id\":\"https:\/\/alejandralombanagodoy.com\/?page_id=11\",\"url\":\"https:\/\/alejandralombanagodoy.com\/?page_id=11\",\"name\":\"Sobre m\u00ed - ALEJANDRA LOMBANA GODOY\",\"isPartOf\":{\"@id\":\"https:\/\/alejandralombanagodoy.com\/#website\"},\"datePublished\":\"2022-10-27T12:06:21+00:00\",\"dateModified\":\"2022-10-30T19:17:05+00:00\",\"description\":\"Mi pasi\u00f3n por el Marketing me ha llevado a cursar el grado de Marketing e Investigaci\u00f3n de Mercados por la Universidad de M\u00e1laga y el M\u00e1ster en Marketing Digital por la Universidad Complutense deMadrid.\",\"breadcrumb\":{\"@id\":\"https:\/\/alejandralombanagodoy.com\/?page_id=11#breadcrumb\"},\"inLanguage\":\"es\",\"potentialAction\":[{\"@type\":\"ReadAction\",\"target\":[\"https:\/\/alejandralombanagodoy.com\/?page_id=11\"]}]},{\"@type\":\"BreadcrumbList\",\"@id\":\"https:\/\/alejandralombanagodoy.com\/?page_id=11#breadcrumb\",\"itemListElement\":[{\"@type\":\"ListItem\",\"position\":1,\"name\":\"Portada\",\"item\":\"https:\/\/alejandralombanagodoy.com\/\"},{\"@type\":\"ListItem\",\"position\":2,\"name\":\"Sobre m\u00ed\"}]},{\"@type\":\"WebSite\",\"@id\":\"https:\/\/alejandralombanagodoy.com\/#website\",\"url\":\"https:\/\/alejandralombanagodoy.com\/\",\"name\":\"ALEJANDRA LOMBANA GODOY\",\"description\":\"MARKETING DIGITAL\",\"publisher\":{\"@id\":\"https:\/\/alejandralombanagodoy.com\/#organization\"},\"potentialAction\":[{\"@type\":\"SearchAction\",\"target\":{\"@type\":\"EntryPoint\",\"urlTemplate\":\"https:\/\/alejandralombanagodoy.com\/?s={search_term_string}\"},\"query-input\":\"required name=search_term_string\"}],\"inLanguage\":\"es\"},{\"@type\":\"Organization\",\"@id\":\"https:\/\/alejandralombanagodoy.com\/#organization\",\"name\":\"ALEJANDRA LOMBANA GODOY\",\"url\":\"https:\/\/alejandralombanagodoy.com\/\",\"logo\":{\"@type\":\"ImageObject\",\"inLanguage\":\"es\",\"@id\":\"https:\/\/alejandralombanagodoy.com\/#\/schema\/logo\/image\/\",\"url\":\"https:\/\/alejandralombanagodoy.com\/wp-content\/uploads\/2022\/10\/cropped-2-1.png\",\"contentUrl\":\"https:\/\/alejandralombanagodoy.com\/wp-content\/uploads\/2022\/10\/cropped-2-1.png\",\"width\":267,\"height\":250,\"caption\":\"ALEJANDRA LOMBANA GODOY\"},\"image\":{\"@id\":\"https:\/\/alejandralombanagodoy.com\/#\/schema\/logo\/image\/\"}}]}<\/script>\n<!-- \/ Yoast SEO plugin. -->","yoast_head_json":{"title":"Sobre m\u00ed - ALEJANDRA LOMBANA GODOY","description":"Mi pasi\u00f3n por el Marketing me ha llevado a cursar el grado de Marketing e Investigaci\u00f3n de Mercados por la Universidad de M\u00e1laga y el M\u00e1ster en Marketing Digital por la Universidad Complutense deMadrid.","robots":{"index":"index","follow":"follow","max-snippet":"max-snippet:-1","max-image-preview":"max-image-preview:large","max-video-preview":"max-video-preview:-1"},"canonical":"https:\/\/alejandralombanagodoy.com\/?page_id=11","og_locale":"es_ES","og_type":"article","og_title":"Sobre m\u00ed - ALEJANDRA LOMBANA GODOY","og_description":"Mi pasi\u00f3n por el Marketing me ha llevado a cursar el grado de Marketing e Investigaci\u00f3n de Mercados por la Universidad de M\u00e1laga y el M\u00e1ster en Marketing Digital por la Universidad Complutense deMadrid.","og_url":"https:\/\/alejandralombanagodoy.com\/?page_id=11","og_site_name":"ALEJANDRA LOMBANA GODOY","article_modified_time":"2022-10-30T19:17:05+00:00","og_image":[{"url":"https:\/\/alejandralombanagodoy.com\/wp-content\/uploads\/2022\/10\/tempImagebF6Mck-959x1024.jpg"}],"twitter_card":"summary_large_image","twitter_misc":{"Tiempo de lectura":"1 minuto"},"schema":{"@context":"https:\/\/schema.org","@graph":[{"@type":"WebPage","@id":"https:\/\/alejandralombanagodoy.com\/?page_id=11","url":"https:\/\/alejandralombanagodoy.com\/?page_id=11","name":"Sobre m\u00ed - ALEJANDRA LOMBANA GODOY","isPartOf":{"@id":"https:\/\/alejandralombanagodoy.com\/#website"},"datePublished":"2022-10-27T12:06:21+00:00","dateModified":"2022-10-30T19:17:05+00:00","description":"Mi pasi\u00f3n por el Marketing me ha llevado a cursar el grado de Marketing e Investigaci\u00f3n de Mercados por la Universidad de M\u00e1laga y el M\u00e1ster en Marketing Digital por la Universidad Complutense deMadrid.","breadcrumb":{"@id":"https:\/\/alejandralombanagodoy.com\/?page_id=11#breadcrumb"},"inLanguage":"es","potentialAction":[{"@type":"ReadAction","target":["https:\/\/alejandralombanagodoy.com\/?page_id=11"]}]},{"@type":"BreadcrumbList","@id":"https:\/\/alejandralombanagodoy.com\/?page_id=11#breadcrumb","itemListElement":[{"@type":"ListItem","position":1,"name":"Portada","item":"https:\/\/alejandralombanagodoy.com\/"},{"@type":"ListItem","position":2,"name":"Sobre m\u00ed"}]},{"@type":"WebSite","@id":"https:\/\/alejandralombanagodoy.com\/#website","url":"https:\/\/alejandralombanagodoy.com\/","name":"ALEJANDRA LOMBANA GODOY","description":"MARKETING DIGITAL","publisher":{"@id":"https:\/\/alejandralombanagodoy.com\/#organization"},"potentialAction":[{"@type":"SearchAction","target":{"@type":"EntryPoint","urlTemplate":"https:\/\/alejandralombanagodoy.com\/?s={search_term_string}"},"query-input":"required name=search_term_string"}],"inLanguage":"es"},{"@type":"Organization","@id":"https:\/\/alejandralombanagodoy.com\/#organization","name":"ALEJANDRA LOMBANA GODOY","url":"https:\/\/alejandralombanagodoy.com\/","logo":{"@type":"ImageObject","inLanguage":"es","@id":"https:\/\/alejandralombanagodoy.com\/#\/schema\/logo\/image\/","url":"https:\/\/alejandralombanagodoy.com\/wp-content\/uploads\/2022\/10\/cropped-2-1.png","contentUrl":"https:\/\/alejandralombanagodoy.com\/wp-content\/uploads\/2022\/10\/cropped-2-1.png","width":267,"height":250,"caption":"ALEJANDRA LOMBANA GODOY"},"image":{"@id":"https:\/\/alejandralombanagodoy.com\/#\/schema\/logo\/image\/"}}]}},"_links":{"self":[{"href":"https:\/\/alejandralombanagodoy.com\/index.php?rest_route=\/wp\/v2\/pages\/11","targetHints":{"allow":["GET"]}}],"collection":[{"href":"https:\/\/alejandralombanagodoy.com\/index.php?rest_route=\/wp\/v2\/pages"}],"about":[{"href":"https:\/\/alejandralombanagodoy.com\/index.php?rest_route=\/wp\/v2\/types\/page"}],"author":[{"embeddable":true,"href":"https:\/\/alejandralombanagodoy.com\/index.php?rest_route=\/wp\/v2\/users\/1"}],"replies":[{"embeddable":true,"href":"https:\/\/alejandralombanagodoy.com\/index.php?rest_route=%2Fwp%2Fv2%2Fcomments&post=11"}],"version-history":[{"count":17,"href":"https:\/\/alejandralombanagodoy.com\/index.php?rest_route=\/wp\/v2\/pages\/11\/revisions"}],"predecessor-version":[{"id":123,"href":"https:\/\/alejandralombanagodoy.com\/index.php?rest_route=\/wp\/v2\/pages\/11\/revisions\/123"}],"wp:attachment":[{"href":"https:\/\/alejandralombanagodoy.com\/index.php?rest_route=%2Fwp%2Fv2%2Fmedia&parent=11"}],"curies":[{"name":"wp","href":"https:\/\/api.w.org\/{rel}","templated":true}]}}