{"id":14,"date":"2022-10-27T12:06:21","date_gmt":"2022-10-27T12:06:21","guid":{"rendered":"https:\/\/alejandralombanagodoy.com\/?page_id=14"},"modified":"2022-10-30T19:15:44","modified_gmt":"2022-10-30T19:15:44","slug":"servicios","status":"publish","type":"page","link":"https:\/\/alejandralombanagodoy.com\/?page_id=14","title":{"rendered":"Servicios"},"content":{"rendered":"\t\t<div data-elementor-type=\"wp-page\" data-elementor-id=\"14\" class=\"elementor elementor-14\">\n\t\t\t\t\t\t<section class=\"elementor-section elementor-top-section elementor-element elementor-element-65815fd3 elementor-section-boxed elementor-section-height-default elementor-section-height-default\" data-id=\"65815fd3\" data-element_type=\"section\" data-e-type=\"section\">\n\t\t\t\t\t\t<div class=\"elementor-container elementor-column-gap-default\">\n\t\t\t\t\t<div class=\"elementor-column elementor-col-100 elementor-top-column elementor-element elementor-element-49a3b124\" data-id=\"49a3b124\" data-element_type=\"column\" data-e-type=\"column\">\n\t\t\t<div class=\"elementor-widget-wrap elementor-element-populated\">\n\t\t\t\t\t\t<div class=\"elementor-element elementor-element-11d6de32 elementor-widget elementor-widget-text-editor\" data-id=\"11d6de32\" data-element_type=\"widget\" data-e-type=\"widget\" data-widget_type=\"text-editor.default\">\n\t\t\t\t<div class=\"elementor-widget-container\">\n\t\t\t\t\t\t\t\t\t<p><strong>1. Estrategia de contenido<\/strong><\/p>\n<p>El desarrollo de una estrategia te ayudar\u00e1 a tener mejor entendimiento de d\u00f3nde se encuentra tu empresa en la actualidad y qu\u00e9 necesitas para llegar a tu meta.<\/p>\n<p>A trav\u00e9s de la estrategia de contenido, crearemos tu buyer persona y auditaremos el contenido que ya tiene el cliente, por si necesitamos una reedici\u00f3n.<\/p>\n<p>Una vez tenemos la idea de lo que queremos publicar, llevaremos a cabo la creaci\u00f3n de un calendario editorial .<\/p>\n<p>Los contenidos de tu sitio web, redes sociales y blogs deben ser relevantes, oportunos y adherirse a las necesidades del cliente.<\/p>\n<p><strong>2. Optimizaci\u00f3n SEO<\/strong><\/p>\n<p>La creaci\u00f3n de contenido es solo la mitad de la batalla. El contenido necesita ser visible y debe estar optimizado para reflejar un impacto en los resultados.<\/p>\n<p>Gracias a la optimizaci\u00f3n de contenido, lograr\u00e1s una mayor visibilidad. Para ello, realizaremos una investigaci\u00f3n de palabras clave e incluiremos textos ancla para poner en pr\u00e1ctica los principios de SEO y entender el comportamiento del usuario.<\/p>\n<p>Es importarte aclarar que la optimizaci\u00f3n SEO no es una tarea m\u00e1s que una vez hecha, se quita de la lista, sino que, es un proceso continuo que debe ser parte de toda estrategia digital, porque aunque debe invertirse en Google Ads, buscadores o anuncios, el 51% de todo el tr\u00e1fico proviene de la b\u00fasqueda org\u00e1nica.<\/p>\n<p><strong>3. E-mail Marketing<\/strong><\/p>\n<p>Una buena estrategia crea mensajes oportunos y atractivos, que responden a intereses espec\u00edficos de la etapa en la que se encuentran los clientes.<\/p>\n<p>El e-mail marketing permite automatizar el env\u00edo de correos, da pautas para crear dise\u00f1os atractivos y mensajes que despierten inter\u00e9s, aumenta la tasa de clics, con el fin de ganar las conversiones que necesitas.<\/p>\n<p><strong>4. Anuncios y promoci\u00f3n de contenido<\/strong><\/p>\n<p>Es importante ofrecer un servicio que ayude a los clientes a ampliar horizontes.&nbsp;<\/p>\n<p>Existen infinitas plataformas para crear anuncios relevantes: redes sociales, buscadores y sitios webs. Identificar cu\u00e1les generan el mayor retorno de la inversi\u00f3n te ahorrar\u00e1 tiempo y presupuesto.<\/p>\n<p>Comenzaremos con un an\u00e1lisis de los canales de distribuci\u00f3n actuales del cliente, incluyendo, adem\u00e1s, un estudio de c\u00f3mo tu competencia promueve su contenido.<\/p>\n<p><strong>5. Redes Sociales<\/strong><\/p>\n<p>Se estima que, durante el 2022 ha habido alrededor de 3.000 millones de personas usando las redes sociales, gracias a los Smartphones y a Internet.&nbsp;<\/p><p><span style=\"color: var( --e-global-color-text ); font-family: var( --e-global-typography-text-font-family ), Sans-serif; font-size: 1rem;\">Por ello, su gesti\u00f3n es tarea obligatoria para todas las empresas, precisando una gesti\u00f3n inteligente. Aunque la oferta de plataformas es amplia, no significa que tu empresa deba tener presencia en todas, porque las audiencias se dividen y eligen la que mejor va con sus comportamientos, tipo de contenido, formatos de publicaci\u00f3n, entre otros. Por lo tanto, deberemos analizar cu\u00e1l le viene bien a tus clientes para crear una comunicaci\u00f3n eficiente.<\/span><\/p>\n<p><strong>6. Desarrollo web<\/strong><\/p>\n<p>El desarrollo web involucra diferentes elementos, pero todos luchan por el mismo objetivo: que un sitio sea f\u00e1cil de navegar e invite a sus visitantes a regresar cada vez que o necesiten. Por eso, el Marketing Digital tambi\u00e9n se concentra en crear sitios que otorguen una buena experiencia al usuario (UX) desde el momento en que lo carga en el dispositivo hasta que realiza alguna acci\u00f3n, ya sea consultar un canal de contacto o realizar una compra.<\/p>\n<p><strong>7. An\u00e1lisis de m\u00e9tricas<\/strong><\/p>\n<p>\u00abNo puedes dirigir lo que no puedes medir.\u00bb<\/p>\n<p><strong>8. Dise\u00f1o gr\u00e1fico<\/strong><\/p>\n<p>Plasmar ideas, mensajes y emociones a trav\u00e9s de la imagen para crear una amistad con el cliente.&nbsp;<\/p>\n<p>Dicen que una imagen vale m\u00e1s que mil palabras y, en el caso de Marketing, se apoya en el dise\u00f1o gr\u00e1fico.&nbsp;<\/p>\n<p><span style=\"color: var( --e-global-color-text ); font-family: var( --e-global-typography-text-font-family ), Sans-serif; font-size: 1rem;\">El dise\u00f1o gr\u00e1fico es una disciplina que se encarga de combinar texto e im\u00e1genes con el fin de transmitir un mensaje visual.<\/span><\/p>\n<p>En la actualidad, es importante cuidar la est\u00e9tica de la comunicaci\u00f3n.&nbsp;<span style=\"color: var( --e-global-color-text ); font-family: var( --e-global-typography-text-font-family ), Sans-serif; font-size: 1rem;\">Se ha demostrado que si los usuarios reciben alguna informaci\u00f3n a trav\u00e9s de un contenido visual, retienen aproximadamente un 65% de esta informaci\u00f3n pasados tres d\u00edas. Por el contrario, si el contenido no es visual, el consumidor apenas recuerda un 10%.<\/span><\/p>\n<p><\/p>\t\t\t\t\t\t\t\t<\/div>\n\t\t\t\t<\/div>\n\t\t\t\t\t<\/div>\n\t\t<\/div>\n\t\t\t\t\t<\/div>\n\t\t<\/section>\n\t\t\t\t<\/div>\n\t\t","protected":false},"excerpt":{"rendered":"<p>1. Estrategia de contenido El desarrollo de una estrategia te ayudar\u00e1 a tener mejor entendimiento de d\u00f3nde se encuentra tu empresa en la actualidad y qu\u00e9 necesitas para llegar a tu meta. A trav\u00e9s de la estrategia de contenido, crearemos tu buyer persona y auditaremos el contenido que ya tiene el cliente, por si necesitamos &hellip; <\/p>\n<p class=\"link-more\"><a href=\"https:\/\/alejandralombanagodoy.com\/?page_id=14\" class=\"more-link\">Continuar leyendo<span class=\"screen-reader-text\"> \u00abServicios\u00bb<\/span><\/a><\/p>\n","protected":false},"author":1,"featured_media":0,"parent":0,"menu_order":0,"comment_status":"closed","ping_status":"closed","template":"","meta":{"footnotes":""},"class_list":["post-14","page","type-page","status-publish","hentry"],"yoast_head":"<!-- This site is optimized with the Yoast SEO plugin v19.9 - https:\/\/yoast.com\/wordpress\/plugins\/seo\/ -->\n<title>Servicios - ALEJANDRA LOMBANA GODOY<\/title>\n<meta name=\"robots\" content=\"index, follow, max-snippet:-1, max-image-preview:large, max-video-preview:-1\" \/>\n<link rel=\"canonical\" href=\"https:\/\/alejandralombanagodoy.com\/?page_id=14\" \/>\n<meta property=\"og:locale\" content=\"es_ES\" \/>\n<meta property=\"og:type\" content=\"article\" \/>\n<meta property=\"og:title\" content=\"Servicios - ALEJANDRA LOMBANA GODOY\" \/>\n<meta property=\"og:description\" content=\"1. Estrategia de contenido El desarrollo de una estrategia te ayudar\u00e1 a tener mejor entendimiento de d\u00f3nde se encuentra tu empresa en la actualidad y qu\u00e9 necesitas para llegar a tu meta. A trav\u00e9s de la estrategia de contenido, crearemos tu buyer persona y auditaremos el contenido que ya tiene el cliente, por si necesitamos &hellip; Continuar leyendo &quot;Servicios&quot;\" \/>\n<meta property=\"og:url\" content=\"https:\/\/alejandralombanagodoy.com\/?page_id=14\" \/>\n<meta property=\"og:site_name\" content=\"ALEJANDRA LOMBANA GODOY\" \/>\n<meta property=\"article:modified_time\" content=\"2022-10-30T19:15:44+00:00\" \/>\n<meta name=\"twitter:card\" content=\"summary_large_image\" \/>\n<meta name=\"twitter:label1\" content=\"Tiempo de lectura\" \/>\n\t<meta name=\"twitter:data1\" content=\"3 minutos\" \/>\n<script type=\"application\/ld+json\" class=\"yoast-schema-graph\">{\"@context\":\"https:\/\/schema.org\",\"@graph\":[{\"@type\":\"WebPage\",\"@id\":\"https:\/\/alejandralombanagodoy.com\/?page_id=14\",\"url\":\"https:\/\/alejandralombanagodoy.com\/?page_id=14\",\"name\":\"Servicios - ALEJANDRA LOMBANA GODOY\",\"isPartOf\":{\"@id\":\"https:\/\/alejandralombanagodoy.com\/#website\"},\"datePublished\":\"2022-10-27T12:06:21+00:00\",\"dateModified\":\"2022-10-30T19:15:44+00:00\",\"breadcrumb\":{\"@id\":\"https:\/\/alejandralombanagodoy.com\/?page_id=14#breadcrumb\"},\"inLanguage\":\"es\",\"potentialAction\":[{\"@type\":\"ReadAction\",\"target\":[\"https:\/\/alejandralombanagodoy.com\/?page_id=14\"]}]},{\"@type\":\"BreadcrumbList\",\"@id\":\"https:\/\/alejandralombanagodoy.com\/?page_id=14#breadcrumb\",\"itemListElement\":[{\"@type\":\"ListItem\",\"position\":1,\"name\":\"Portada\",\"item\":\"https:\/\/alejandralombanagodoy.com\/\"},{\"@type\":\"ListItem\",\"position\":2,\"name\":\"Servicios\"}]},{\"@type\":\"WebSite\",\"@id\":\"https:\/\/alejandralombanagodoy.com\/#website\",\"url\":\"https:\/\/alejandralombanagodoy.com\/\",\"name\":\"ALEJANDRA LOMBANA GODOY\",\"description\":\"MARKETING DIGITAL\",\"publisher\":{\"@id\":\"https:\/\/alejandralombanagodoy.com\/#organization\"},\"potentialAction\":[{\"@type\":\"SearchAction\",\"target\":{\"@type\":\"EntryPoint\",\"urlTemplate\":\"https:\/\/alejandralombanagodoy.com\/?s={search_term_string}\"},\"query-input\":\"required name=search_term_string\"}],\"inLanguage\":\"es\"},{\"@type\":\"Organization\",\"@id\":\"https:\/\/alejandralombanagodoy.com\/#organization\",\"name\":\"ALEJANDRA LOMBANA GODOY\",\"url\":\"https:\/\/alejandralombanagodoy.com\/\",\"logo\":{\"@type\":\"ImageObject\",\"inLanguage\":\"es\",\"@id\":\"https:\/\/alejandralombanagodoy.com\/#\/schema\/logo\/image\/\",\"url\":\"https:\/\/alejandralombanagodoy.com\/wp-content\/uploads\/2022\/10\/cropped-2-1.png\",\"contentUrl\":\"https:\/\/alejandralombanagodoy.com\/wp-content\/uploads\/2022\/10\/cropped-2-1.png\",\"width\":267,\"height\":250,\"caption\":\"ALEJANDRA LOMBANA GODOY\"},\"image\":{\"@id\":\"https:\/\/alejandralombanagodoy.com\/#\/schema\/logo\/image\/\"}}]}<\/script>\n<!-- \/ Yoast SEO plugin. -->","yoast_head_json":{"title":"Servicios - ALEJANDRA LOMBANA GODOY","robots":{"index":"index","follow":"follow","max-snippet":"max-snippet:-1","max-image-preview":"max-image-preview:large","max-video-preview":"max-video-preview:-1"},"canonical":"https:\/\/alejandralombanagodoy.com\/?page_id=14","og_locale":"es_ES","og_type":"article","og_title":"Servicios - ALEJANDRA LOMBANA GODOY","og_description":"1. Estrategia de contenido El desarrollo de una estrategia te ayudar\u00e1 a tener mejor entendimiento de d\u00f3nde se encuentra tu empresa en la actualidad y qu\u00e9 necesitas para llegar a tu meta. A trav\u00e9s de la estrategia de contenido, crearemos tu buyer persona y auditaremos el contenido que ya tiene el cliente, por si necesitamos &hellip; Continuar leyendo \"Servicios\"","og_url":"https:\/\/alejandralombanagodoy.com\/?page_id=14","og_site_name":"ALEJANDRA LOMBANA GODOY","article_modified_time":"2022-10-30T19:15:44+00:00","twitter_card":"summary_large_image","twitter_misc":{"Tiempo de lectura":"3 minutos"},"schema":{"@context":"https:\/\/schema.org","@graph":[{"@type":"WebPage","@id":"https:\/\/alejandralombanagodoy.com\/?page_id=14","url":"https:\/\/alejandralombanagodoy.com\/?page_id=14","name":"Servicios - ALEJANDRA LOMBANA GODOY","isPartOf":{"@id":"https:\/\/alejandralombanagodoy.com\/#website"},"datePublished":"2022-10-27T12:06:21+00:00","dateModified":"2022-10-30T19:15:44+00:00","breadcrumb":{"@id":"https:\/\/alejandralombanagodoy.com\/?page_id=14#breadcrumb"},"inLanguage":"es","potentialAction":[{"@type":"ReadAction","target":["https:\/\/alejandralombanagodoy.com\/?page_id=14"]}]},{"@type":"BreadcrumbList","@id":"https:\/\/alejandralombanagodoy.com\/?page_id=14#breadcrumb","itemListElement":[{"@type":"ListItem","position":1,"name":"Portada","item":"https:\/\/alejandralombanagodoy.com\/"},{"@type":"ListItem","position":2,"name":"Servicios"}]},{"@type":"WebSite","@id":"https:\/\/alejandralombanagodoy.com\/#website","url":"https:\/\/alejandralombanagodoy.com\/","name":"ALEJANDRA LOMBANA GODOY","description":"MARKETING DIGITAL","publisher":{"@id":"https:\/\/alejandralombanagodoy.com\/#organization"},"potentialAction":[{"@type":"SearchAction","target":{"@type":"EntryPoint","urlTemplate":"https:\/\/alejandralombanagodoy.com\/?s={search_term_string}"},"query-input":"required name=search_term_string"}],"inLanguage":"es"},{"@type":"Organization","@id":"https:\/\/alejandralombanagodoy.com\/#organization","name":"ALEJANDRA LOMBANA GODOY","url":"https:\/\/alejandralombanagodoy.com\/","logo":{"@type":"ImageObject","inLanguage":"es","@id":"https:\/\/alejandralombanagodoy.com\/#\/schema\/logo\/image\/","url":"https:\/\/alejandralombanagodoy.com\/wp-content\/uploads\/2022\/10\/cropped-2-1.png","contentUrl":"https:\/\/alejandralombanagodoy.com\/wp-content\/uploads\/2022\/10\/cropped-2-1.png","width":267,"height":250,"caption":"ALEJANDRA LOMBANA GODOY"},"image":{"@id":"https:\/\/alejandralombanagodoy.com\/#\/schema\/logo\/image\/"}}]}},"_links":{"self":[{"href":"https:\/\/alejandralombanagodoy.com\/index.php?rest_route=\/wp\/v2\/pages\/14","targetHints":{"allow":["GET"]}}],"collection":[{"href":"https:\/\/alejandralombanagodoy.com\/index.php?rest_route=\/wp\/v2\/pages"}],"about":[{"href":"https:\/\/alejandralombanagodoy.com\/index.php?rest_route=\/wp\/v2\/types\/page"}],"author":[{"embeddable":true,"href":"https:\/\/alejandralombanagodoy.com\/index.php?rest_route=\/wp\/v2\/users\/1"}],"replies":[{"embeddable":true,"href":"https:\/\/alejandralombanagodoy.com\/index.php?rest_route=%2Fwp%2Fv2%2Fcomments&post=14"}],"version-history":[{"count":11,"href":"https:\/\/alejandralombanagodoy.com\/index.php?rest_route=\/wp\/v2\/pages\/14\/revisions"}],"predecessor-version":[{"id":120,"href":"https:\/\/alejandralombanagodoy.com\/index.php?rest_route=\/wp\/v2\/pages\/14\/revisions\/120"}],"wp:attachment":[{"href":"https:\/\/alejandralombanagodoy.com\/index.php?rest_route=%2Fwp%2Fv2%2Fmedia&parent=14"}],"curies":[{"name":"wp","href":"https:\/\/api.w.org\/{rel}","templated":true}]}}